{"id":4647,"date":"2025-01-03T20:33:44","date_gmt":"2025-01-03T19:33:44","guid":{"rendered":"https:\/\/qneurope.com\/patrocina\/"},"modified":"2025-06-17T21:35:58","modified_gmt":"2025-06-17T19:35:58","slug":"patrocina","status":"publish","type":"page","link":"https:\/\/qneurope.com\/es\/patrocina\/","title":{"rendered":"Patrocina"},"content":{"rendered":"\t\t<div data-elementor-type=\"wp-page\" data-elementor-id=\"4647\" class=\"elementor elementor-4647 elementor-52\" data-elementor-post-type=\"page\">\n\t\t\t\t<div class=\"elementor-element elementor-element-4242fd6 main-container e-flex e-con-boxed e-con e-parent\" data-id=\"4242fd6\" data-element_type=\"container\" data-e-type=\"container\" id=\"content\" data-settings=\"{&quot;background_background&quot;:&quot;classic&quot;}\">\n\t\t\t\t\t<div class=\"e-con-inner\">\n\t\t\t\t\t<\/div>\n\t\t\t\t<\/div>\n\t\t<div class=\"elementor-element elementor-element-b51e8c3 e-flex e-con-boxed e-con e-parent\" data-id=\"b51e8c3\" data-element_type=\"container\" data-e-type=\"container\" data-settings=\"{&quot;background_background&quot;:&quot;gradient&quot;}\">\n\t\t\t\t\t<div class=\"e-con-inner\">\n\t\t<div class=\"elementor-element elementor-element-aa3de6f e-flex e-con-boxed elementor-invisible e-con e-child\" data-id=\"aa3de6f\" data-element_type=\"container\" data-e-type=\"container\" data-settings=\"{&quot;animation&quot;:&quot;fadeInUp&quot;,&quot;animation_delay&quot;:250,&quot;animation_tablet&quot;:&quot;none&quot;}\">\n\t\t\t\t\t<div class=\"e-con-inner\">\n\t\t\t\t<div class=\"elementor-element elementor-element-7e4a80c elementor-widget elementor-widget-heading\" data-id=\"7e4a80c\" data-element_type=\"widget\" data-e-type=\"widget\" data-widget_type=\"heading.default\">\n\t\t\t\t<div class=\"elementor-widget-container\">\n\t\t\t\t\t<p class=\"elementor-heading-title elementor-size-default\">QN EUROPA PATROCINA<\/p>\t\t\t\t<\/div>\n\t\t\t\t<\/div>\n\t\t\t\t<div class=\"elementor-element elementor-element-f318724 elementor-widget__width-initial elementor-widget-mobile__width-inherit elementor-widget elementor-widget-heading\" data-id=\"f318724\" data-element_type=\"widget\" data-e-type=\"widget\" data-widget_type=\"heading.default\">\n\t\t\t\t<div class=\"elementor-widget-container\">\n\t\t\t\t\t<h1 class=\"elementor-heading-title elementor-size-default\">QN Europe y manchester city<\/h1>\t\t\t\t<\/div>\n\t\t\t\t<\/div>\n\t\t\t\t<div class=\"elementor-element elementor-element-6595a7d elementor-widget__width-initial elementor-widget elementor-widget-heading\" data-id=\"6595a7d\" data-element_type=\"widget\" data-e-type=\"widget\" data-widget_type=\"heading.default\">\n\t\t\t\t<div class=\"elementor-widget-container\">\n\t\t\t\t\t<p class=\"elementor-heading-title elementor-size-default\">El Manchester City ha ampliado recientemente su asociaci\u00f3n con QN Europe, la empresa de venta directa con sede en Alemania, llevando la relaci\u00f3n a diez a\u00f1os. Como parte de la asociaci\u00f3n a largo plazo, QN Europe seguir\u00e1 actuando como socio oficial de venta directa de los equipos masculinos del City. <\/p>\t\t\t\t<\/div>\n\t\t\t\t<\/div>\n\t\t\t\t<div class=\"elementor-element elementor-element-434cbef elementor-widget elementor-widget-text-editor\" data-id=\"434cbef\" data-element_type=\"widget\" data-e-type=\"widget\" data-widget_type=\"text-editor.default\">\n\t\t\t\t<div class=\"elementor-widget-container\">\n\t\t\t\t\t\t\t\t\t<p>En la siguiente fase de esta asociaci\u00f3n, QN Europe seguir\u00e1 expandiendo sus&nbsp;<a href=\"https:\/\/qneurope.com\/es\/nuestras-marcas\/\" target=\"_blank\">marcas&nbsp;<\/a>con su red de distribuidores en el mercado europeo. La asociaci\u00f3n apoyar\u00e1 los esfuerzos de marketing de la empresa. <\/p>\n<p>Damian Willoughby, Vicepresidente Senior de Asociaciones del City Football Group, coment\u00f3:<i> \u00abEstamos encantados de que QN Europe se haya convertido en el \u00faltimo socio en ampliar su relaci\u00f3n con el Manchester City en un nuevo acuerdo a largo plazo que celebrar\u00e1 diez a\u00f1os de trabajo conjunto. Estamos entusiasmados por abrir otro cap\u00edtulo juntos\u00bb.<\/i><\/p>\n<p>J\u00e9r\u00f4me Hoerth, Director General de QN Europe, ha declarado <i>: \u00abSe trata de una asociaci\u00f3n valiosa tanto para QN Europe como para el Manchester City, ya que el rendimiento es fundamental para ambas marcas. A ambos nos impulsa el \u00e9xito el trabajo duro, la pasi\u00f3n y la dedicaci\u00f3n. Mediante esta asociaci\u00f3n, los clientes y minoristas de QN Europe tendr\u00e1n acceso a una serie de experiencias del Manchester City que el dinero no puede comprar. Esperamos seguir trabajando juntos y encontrar nuevas formas innovadoras de conectar con los aficionados y llegar a ellos.\u00bb<\/i><\/p>\n<p><\/p>\n<h3>Sobre el Manchester City Football Club<\/h3>\n<p>El Manchester City FC es un club de la Premier League inglesa que se fund\u00f3 originalmente en 1880 con el nombre de St Mark&#8217;s West Gorton. Pas\u00f3 a llamarse oficialmente Manchester City FC en 1894. Desde entonces, el Manchester City ha ganado la Recopa de Europa, seis t\u00edtulos de liga, incluidos cuatro de la Premier League (2012, 2014, 2018 y 2019), y seis Copas de Inglaterra. El Manchester City FC es uno de los siete clubes del City Football Group y cuenta con el New York City FC y el Melbourne City FC entre sus clubes hermanos.   <\/p>\n<p>Bajo la direcci\u00f3n de Pep Guardiola, uno de los entrenadores m\u00e1s condecorados del f\u00fatbol mundial, el club juega sus partidos en casa en la Liga de Campeones de la UEFA y en el Etihad Stadium, un espectacular estadio de 55.000 localidades que el City ha llamado hogar desde 2003. En la actualidad, el estadio est\u00e1 situado en el extenso Campus Etihad, que incluye la Academia de F\u00fatbol del City, unas instalaciones de entrenamiento y desarrollo juvenil de \u00faltima generaci\u00f3n en el coraz\u00f3n del este de Manchester. La City Football Academy cuenta con un estadio de academia con capacidad para 7.000 espectadores y es tambi\u00e9n donde el Manchester City Women&#8217;s Football Club y la Elite Development Squad entrenan y juegan a diario sus partidos en casa.  <\/p>\n<p>M\u00e1s informaci\u00f3n en: <a href=\"http:\/\/www.mancity.com\/\" target=\"_blank\" rel=\"noopener noreferrer\">www.mancity.com<\/a><\/p>\t\t\t\t\t\t\t\t<\/div>\n\t\t\t\t<\/div>\n\t\t\t\t\t<\/div>\n\t\t\t\t<\/div>\n\t\t\t\t\t<\/div>\n\t\t\t\t<\/div>\n\t\t\t\t<\/div>\n\t\t","protected":false},"excerpt":{"rendered":"<p>QN EUROPA PATROCINA QN Europe y manchester city El Manchester City ha ampliado recientemente su asociaci\u00f3n con QN Europe, la empresa de venta directa con sede en Alemania, llevando la relaci\u00f3n a diez a\u00f1os. Como parte de la asociaci\u00f3n a largo plazo, QN Europe seguir\u00e1 actuando como socio oficial de venta directa de los equipos [&hellip;]<\/p>\n","protected":false},"author":1,"featured_media":3454,"parent":0,"menu_order":0,"comment_status":"closed","ping_status":"closed","template":"elementor_header_footer","meta":{"footnotes":""},"class_list":["post-4647","page","type-page","status-publish","has-post-thumbnail","hentry"],"yoast_head":"<!-- This site is optimized with the Yoast SEO plugin v27.4 - https:\/\/yoast.com\/product\/yoast-seo-wordpress\/ -->\n<title>Patrocina - QN Europe<\/title>\n<meta name=\"robots\" content=\"index, follow, max-snippet:-1, max-image-preview:large, max-video-preview:-1\" \/>\n<link rel=\"canonical\" href=\"https:\/\/qneurope.com\/sponsoring\/\" \/>\n<meta property=\"og:locale\" content=\"es_ES\" \/>\n<meta property=\"og:type\" content=\"article\" \/>\n<meta property=\"og:title\" content=\"Patrocina - QN Europe\" \/>\n<meta property=\"og:description\" content=\"QN EUROPA PATROCINA QN Europe y manchester city El Manchester City ha ampliado recientemente su asociaci\u00f3n con QN Europe, la empresa de venta directa con sede en Alemania, llevando la relaci\u00f3n a diez a\u00f1os. Como parte de la asociaci\u00f3n a largo plazo, QN Europe seguir\u00e1 actuando como socio oficial de venta directa de los equipos [&hellip;]\" \/>\n<meta property=\"og:url\" content=\"https:\/\/qneurope.com\/sponsoring\/\" \/>\n<meta property=\"og:site_name\" content=\"QN Europe\" \/>\n<meta property=\"article:modified_time\" content=\"2025-06-17T19:35:58+00:00\" \/>\n<meta property=\"og:image\" content=\"https:\/\/qneurope.com\/wp-content\/uploads\/2025\/01\/cropped-fav_qn.png\" \/>\n\t<meta property=\"og:image:width\" content=\"512\" \/>\n\t<meta property=\"og:image:height\" content=\"512\" \/>\n\t<meta property=\"og:image:type\" content=\"image\/png\" \/>\n<meta name=\"twitter:card\" content=\"summary_large_image\" \/>\n<meta name=\"twitter:label1\" content=\"Tiempo de lectura\" \/>\n\t<meta name=\"twitter:data1\" content=\"3 minutos\" \/>\n<script type=\"application\/ld+json\" class=\"yoast-schema-graph\">{\"@context\":\"https:\\\/\\\/schema.org\",\"@graph\":[{\"@type\":\"WebPage\",\"@id\":\"https:\\\/\\\/qneurope.com\\\/sponsoring\\\/\",\"url\":\"https:\\\/\\\/qneurope.com\\\/sponsoring\\\/\",\"name\":\"Patrocina - QN Europe\",\"isPartOf\":{\"@id\":\"https:\\\/\\\/qneurope.com\\\/#website\"},\"primaryImageOfPage\":{\"@id\":\"https:\\\/\\\/qneurope.com\\\/sponsoring\\\/#primaryimage\"},\"image\":{\"@id\":\"https:\\\/\\\/qneurope.com\\\/sponsoring\\\/#primaryimage\"},\"thumbnailUrl\":\"https:\\\/\\\/qneurope.com\\\/wp-content\\\/uploads\\\/2025\\\/01\\\/cropped-fav_qn.png\",\"datePublished\":\"2025-01-03T19:33:44+00:00\",\"dateModified\":\"2025-06-17T19:35:58+00:00\",\"breadcrumb\":{\"@id\":\"https:\\\/\\\/qneurope.com\\\/sponsoring\\\/#breadcrumb\"},\"inLanguage\":\"es\",\"potentialAction\":[{\"@type\":\"ReadAction\",\"target\":[\"https:\\\/\\\/qneurope.com\\\/sponsoring\\\/\"]}]},{\"@type\":\"ImageObject\",\"inLanguage\":\"es\",\"@id\":\"https:\\\/\\\/qneurope.com\\\/sponsoring\\\/#primaryimage\",\"url\":\"https:\\\/\\\/qneurope.com\\\/wp-content\\\/uploads\\\/2025\\\/01\\\/cropped-fav_qn.png\",\"contentUrl\":\"https:\\\/\\\/qneurope.com\\\/wp-content\\\/uploads\\\/2025\\\/01\\\/cropped-fav_qn.png\",\"width\":512,\"height\":512,\"caption\":\"QN Europe\"},{\"@type\":\"BreadcrumbList\",\"@id\":\"https:\\\/\\\/qneurope.com\\\/sponsoring\\\/#breadcrumb\",\"itemListElement\":[{\"@type\":\"ListItem\",\"position\":1,\"name\":\"Startseite\",\"item\":\"https:\\\/\\\/qneurope.com\\\/es\\\/inicio\\\/\"},{\"@type\":\"ListItem\",\"position\":2,\"name\":\"Patrocina\"}]},{\"@type\":\"WebSite\",\"@id\":\"https:\\\/\\\/qneurope.com\\\/#website\",\"url\":\"https:\\\/\\\/qneurope.com\\\/\",\"name\":\"QN Europe\",\"description\":\"Dein Partner f\u00fcr eine aufregende Zukunft\",\"publisher\":{\"@id\":\"https:\\\/\\\/qneurope.com\\\/#organization\"},\"potentialAction\":[{\"@type\":\"SearchAction\",\"target\":{\"@type\":\"EntryPoint\",\"urlTemplate\":\"https:\\\/\\\/qneurope.com\\\/?s={search_term_string}\"},\"query-input\":{\"@type\":\"PropertyValueSpecification\",\"valueRequired\":true,\"valueName\":\"search_term_string\"}}],\"inLanguage\":\"es\"},{\"@type\":\"Organization\",\"@id\":\"https:\\\/\\\/qneurope.com\\\/#organization\",\"name\":\"QN Europe\",\"url\":\"https:\\\/\\\/qneurope.com\\\/\",\"logo\":{\"@type\":\"ImageObject\",\"inLanguage\":\"es\",\"@id\":\"https:\\\/\\\/qneurope.com\\\/#\\\/schema\\\/logo\\\/image\\\/\",\"url\":\"https:\\\/\\\/qneurope.com\\\/wp-content\\\/uploads\\\/2025\\\/01\\\/cropped-qn-europe-logo.webp\",\"contentUrl\":\"https:\\\/\\\/qneurope.com\\\/wp-content\\\/uploads\\\/2025\\\/01\\\/cropped-qn-europe-logo.webp\",\"width\":500,\"height\":53,\"caption\":\"QN Europe\"},\"image\":{\"@id\":\"https:\\\/\\\/qneurope.com\\\/#\\\/schema\\\/logo\\\/image\\\/\"}}]}<\/script>\n<!-- \/ Yoast SEO plugin. -->","yoast_head_json":{"title":"Patrocina - QN Europe","robots":{"index":"index","follow":"follow","max-snippet":"max-snippet:-1","max-image-preview":"max-image-preview:large","max-video-preview":"max-video-preview:-1"},"canonical":"https:\/\/qneurope.com\/sponsoring\/","og_locale":"es_ES","og_type":"article","og_title":"Patrocina - QN Europe","og_description":"QN EUROPA PATROCINA QN Europe y manchester city El Manchester City ha ampliado recientemente su asociaci\u00f3n con QN Europe, la empresa de venta directa con sede en Alemania, llevando la relaci\u00f3n a diez a\u00f1os. Como parte de la asociaci\u00f3n a largo plazo, QN Europe seguir\u00e1 actuando como socio oficial de venta directa de los equipos [&hellip;]","og_url":"https:\/\/qneurope.com\/sponsoring\/","og_site_name":"QN Europe","article_modified_time":"2025-06-17T19:35:58+00:00","og_image":[{"width":512,"height":512,"url":"https:\/\/qneurope.com\/wp-content\/uploads\/2025\/01\/cropped-fav_qn.png","type":"image\/png"}],"twitter_card":"summary_large_image","twitter_misc":{"Tiempo de lectura":"3 minutos"},"schema":{"@context":"https:\/\/schema.org","@graph":[{"@type":"WebPage","@id":"https:\/\/qneurope.com\/sponsoring\/","url":"https:\/\/qneurope.com\/sponsoring\/","name":"Patrocina - QN Europe","isPartOf":{"@id":"https:\/\/qneurope.com\/#website"},"primaryImageOfPage":{"@id":"https:\/\/qneurope.com\/sponsoring\/#primaryimage"},"image":{"@id":"https:\/\/qneurope.com\/sponsoring\/#primaryimage"},"thumbnailUrl":"https:\/\/qneurope.com\/wp-content\/uploads\/2025\/01\/cropped-fav_qn.png","datePublished":"2025-01-03T19:33:44+00:00","dateModified":"2025-06-17T19:35:58+00:00","breadcrumb":{"@id":"https:\/\/qneurope.com\/sponsoring\/#breadcrumb"},"inLanguage":"es","potentialAction":[{"@type":"ReadAction","target":["https:\/\/qneurope.com\/sponsoring\/"]}]},{"@type":"ImageObject","inLanguage":"es","@id":"https:\/\/qneurope.com\/sponsoring\/#primaryimage","url":"https:\/\/qneurope.com\/wp-content\/uploads\/2025\/01\/cropped-fav_qn.png","contentUrl":"https:\/\/qneurope.com\/wp-content\/uploads\/2025\/01\/cropped-fav_qn.png","width":512,"height":512,"caption":"QN Europe"},{"@type":"BreadcrumbList","@id":"https:\/\/qneurope.com\/sponsoring\/#breadcrumb","itemListElement":[{"@type":"ListItem","position":1,"name":"Startseite","item":"https:\/\/qneurope.com\/es\/inicio\/"},{"@type":"ListItem","position":2,"name":"Patrocina"}]},{"@type":"WebSite","@id":"https:\/\/qneurope.com\/#website","url":"https:\/\/qneurope.com\/","name":"QN Europe","description":"Dein Partner f\u00fcr eine aufregende Zukunft","publisher":{"@id":"https:\/\/qneurope.com\/#organization"},"potentialAction":[{"@type":"SearchAction","target":{"@type":"EntryPoint","urlTemplate":"https:\/\/qneurope.com\/?s={search_term_string}"},"query-input":{"@type":"PropertyValueSpecification","valueRequired":true,"valueName":"search_term_string"}}],"inLanguage":"es"},{"@type":"Organization","@id":"https:\/\/qneurope.com\/#organization","name":"QN Europe","url":"https:\/\/qneurope.com\/","logo":{"@type":"ImageObject","inLanguage":"es","@id":"https:\/\/qneurope.com\/#\/schema\/logo\/image\/","url":"https:\/\/qneurope.com\/wp-content\/uploads\/2025\/01\/cropped-qn-europe-logo.webp","contentUrl":"https:\/\/qneurope.com\/wp-content\/uploads\/2025\/01\/cropped-qn-europe-logo.webp","width":500,"height":53,"caption":"QN Europe"},"image":{"@id":"https:\/\/qneurope.com\/#\/schema\/logo\/image\/"}}]}},"_links":{"self":[{"href":"https:\/\/qneurope.com\/es\/wp-json\/wp\/v2\/pages\/4647","targetHints":{"allow":["GET"]}}],"collection":[{"href":"https:\/\/qneurope.com\/es\/wp-json\/wp\/v2\/pages"}],"about":[{"href":"https:\/\/qneurope.com\/es\/wp-json\/wp\/v2\/types\/page"}],"author":[{"embeddable":true,"href":"https:\/\/qneurope.com\/es\/wp-json\/wp\/v2\/users\/1"}],"replies":[{"embeddable":true,"href":"https:\/\/qneurope.com\/es\/wp-json\/wp\/v2\/comments?post=4647"}],"version-history":[{"count":16,"href":"https:\/\/qneurope.com\/es\/wp-json\/wp\/v2\/pages\/4647\/revisions"}],"predecessor-version":[{"id":8458,"href":"https:\/\/qneurope.com\/es\/wp-json\/wp\/v2\/pages\/4647\/revisions\/8458"}],"wp:featuredmedia":[{"embeddable":true,"href":"https:\/\/qneurope.com\/es\/wp-json\/wp\/v2\/media\/3454"}],"wp:attachment":[{"href":"https:\/\/qneurope.com\/es\/wp-json\/wp\/v2\/media?parent=4647"}],"curies":[{"name":"wp","href":"https:\/\/api.w.org\/{rel}","templated":true}]}}