{"id":4675,"date":"2025-01-03T20:36:15","date_gmt":"2025-01-03T19:36:15","guid":{"rendered":"https:\/\/qneurope.com\/directrices-sobre-redes-sociales\/"},"modified":"2025-03-18T00:32:27","modified_gmt":"2025-03-17T23:32:27","slug":"directrices-sobre-redes-sociales","status":"publish","type":"page","link":"https:\/\/qneurope.com\/es\/directrices-sobre-redes-sociales\/","title":{"rendered":"Directrices sobre redes sociales"},"content":{"rendered":"\t\t<div data-elementor-type=\"wp-page\" data-elementor-id=\"4675\" class=\"elementor elementor-4675 elementor-62\" data-elementor-post-type=\"page\">\n\t\t\t\t<div class=\"elementor-element elementor-element-b7ef995 e-flex e-con-boxed e-con e-parent\" data-id=\"b7ef995\" data-element_type=\"container\" data-e-type=\"container\">\n\t\t\t\t\t<div class=\"e-con-inner\">\n\t\t\t\t<div class=\"elementor-element elementor-element-bb4b585 elementor-widget elementor-widget-heading\" data-id=\"bb4b585\" data-element_type=\"widget\" data-e-type=\"widget\" data-widget_type=\"heading.default\">\n\t\t\t\t<div class=\"elementor-widget-container\">\n\t\t\t\t\t<h2 class=\"elementor-heading-title elementor-size-default\">Directrices sobre redes sociales<\/h2>\t\t\t\t<\/div>\n\t\t\t\t<\/div>\n\t\t\t\t<div class=\"elementor-element elementor-element-c8c3fd8 elementor-widget elementor-widget-text-editor\" data-id=\"c8c3fd8\" data-element_type=\"widget\" data-e-type=\"widget\" data-widget_type=\"text-editor.default\">\n\t\t\t\t<div class=\"elementor-widget-container\">\n\t\t\t\t\t\t\t\t\t<p>Los representantes independientes pueden hablar de tu empresa y promocionarla en plataformas de medios sociales como blogs, Facebook, YouTube, LinkedIn, MySpace, etc. A continuaci\u00f3n se exponen las directrices de la empresa para dichas publicaciones de los representantes. La ausencia o inadecuaci\u00f3n de tales redes sociales no limita la aplicabilidad de estas directrices corporativas. Cuando no exista una pol\u00edtica o directriz, los representantes independientes deben utilizar su criterio profesional y tomar la decisi\u00f3n m\u00e1s razonable posible.   <\/p>\n<p>1. los blogs personales, los sitios web y los perfiles en las redes sociales deben contener renuncias claras y dejar claro que las opiniones expresadas por el autor son \u00fanicamente las del autor y no representan las opiniones de la empresa.<\/p>\n<p>Ejemplo &#8211; \u00abLas opiniones y posiciones expresadas son m\u00edas y no reflejan necesariamente las de QN EUROPE\u00bb<\/p>\n<p>2. debes representarte a ti mismo con precisi\u00f3n e indicar claramente tu relaci\u00f3n con la Empresa como Representante Independiente. No se pueden hacer afirmaciones que no sean de empleado, agente o de otro tipo. <\/p>\n<p>3. no puedes utilizar las marcas registradas y las marcas en ning\u00fan nombre de usuario ni en ninguna plataforma de medios sociales. Esto incluye, pero no se limita a, Twitter, Facebook y Linkedin. <\/p>\n<p>4. la informaci\u00f3n publicada en tus blogs, sitios web y perfiles de redes sociales debe cumplir y adherirse a las&nbsp;Condiciones generales&nbsp;de QN EUROPE.&nbsp;Esto tambi\u00e9n se aplica a los comentarios publicados en otros blogs, foros y sitios de redes sociales.  <\/p>\n<p>5 Los Representantes Independientes no pueden utilizar los nombres comerciales, marcas registradas, nombres de servicios, marcas de servicio, nombres de productos o cualquier derivado de los mismos de QN EUROPE, ni los de sus filiales, para un nombre de dominio de Internet o direcci\u00f3n de correo electr\u00f3nico.<\/p>\n<p>6. al identificarte como representante independiente, te identificas con la imagen de marca y los valores de la empresa. Tu actividad en Internet puede influir en la percepci\u00f3n que los dem\u00e1s tienen de la empresa, sus productos y servicios. Por tanto, es importante que tus acciones, plasmadas en im\u00e1genes, publicaciones o comentarios, reflejen los valores de la empresa. Las siguientes directrices se aplican a la publicaci\u00f3n de contenidos en las redes sociales y deben respetarse:   <\/p>\n<ul>\n<li>S\u00f3lo puedes utilizar textos que se encuentren en el sitio web oficial de la empresa.<\/li>\n<li>No puedes complementar el contenido de tu sitio web o perfil en redes sociales con texto de una fuente que no sea la empresa.<\/li>\n<li>Todo el contenido debe ser revisado.<\/li>\n<li>Quedan prohibidas todas las actividades, informaciones y t\u00e1cticas enga\u00f1osas.<\/li>\n<li>Presta atenci\u00f3n a las leyes de derechos de autor y referencia o cita las fuentes adecuadamente.<\/li>\n<li>Los insultos no est\u00e1n permitidos.<\/li>\n<li>No se permiten los ataques personales.<\/li>\n<\/ul>\n<p>7 Los Representantes Independientes deben revelar siempre su relaci\u00f3n o identificarse como Representante Independiente de QN EUROPE cuando realicen comentarios sobre QN EUROPE y\/o sus productos.<\/p>\n<p>8. los agentes independientes que proporcionen testimonios en l\u00ednea deben publicarlos con veracidad y no hacer afirmaciones.<\/p>\n<p>Ejemplo 1: \u00abAmezcua Bio Disc ha solucionado mi problema de espalda\u00bb. Aunque puede tratarse de una opini\u00f3n sincera, es una afirmaci\u00f3n y, por tanto, una opini\u00f3n de este tipo publicada en l\u00ednea constituir\u00eda una infracci\u00f3n de las directrices actuales, a menos que exista un estudio v\u00e1lido que respalde esta afirmaci\u00f3n. <\/p>\n<p>Ejemplo 2: \u00abYo gan\u00e9 20.000 euros en un mes con QN EUROPE y t\u00fa puedes hacer lo mismo\u00bb. Aunque la afirmaci\u00f3n pueda ser cierta, no es una afirmaci\u00f3n v\u00e1lida en general. Tales afirmaciones supondr\u00edan una violaci\u00f3n de las directrices actuales. Siempre que se hable de oportunidades de ganar dinero, debes consultar la Cl\u00e1usula 11.02 de los Procedimientos y Directrices para obtener orientaci\u00f3n al respecto.   <\/p>\n<p>9. el logotipo o la marca de la empresa no pueden utilizarse para publicidad de pago en Internet, como anuncios en Facebook. Todos los enlaces deben dirigirse al sitio web personal del RI y no al sitio oficial de la empresa. <\/p>\n<p>10. si tienes alguna queja con la empresa, ponte en contacto con ella para su resoluci\u00f3n en cualquiera de los canales de medios sociales disponibles en www.qneurope.com&nbsp;o ponte en contacto con el Centro de asistencia de QN EUROPE. No utilices las redes sociales para expresar p\u00fablicamente tus quejas, ya que la empresa no tiene forma de responder a tus quejas. Muchas de las personas que lean tus quejas no conocer\u00e1n el estado actual, es decir, cu\u00e1ndo se han tratado y resuelto estas quejas, y pueden seguir pensando negativamente de la empresa, lo que quiz\u00e1 nunca podamos corregir.  <\/p>\t\t\t\t\t\t\t\t<\/div>\n\t\t\t\t<\/div>\n\t\t\t\t\t<\/div>\n\t\t\t\t<\/div>\n\t\t\t\t<\/div>\n\t\t","protected":false},"excerpt":{"rendered":"<p>Directrices sobre redes sociales Los representantes independientes pueden hablar de tu empresa y promocionarla en plataformas de medios sociales como blogs, Facebook, YouTube, LinkedIn, MySpace, etc. A continuaci\u00f3n se exponen las directrices de la empresa para dichas publicaciones de los representantes. La ausencia o inadecuaci\u00f3n de tales redes sociales no limita la aplicabilidad de estas [&hellip;]<\/p>\n","protected":false},"author":1,"featured_media":3454,"parent":0,"menu_order":0,"comment_status":"closed","ping_status":"closed","template":"elementor_header_footer","meta":{"footnotes":""},"class_list":["post-4675","page","type-page","status-publish","has-post-thumbnail","hentry"],"yoast_head":"<!-- This site is optimized with the Yoast SEO plugin v27.4 - https:\/\/yoast.com\/product\/yoast-seo-wordpress\/ -->\n<title>Directrices sobre redes sociales - QN Europe<\/title>\n<meta name=\"robots\" content=\"index, follow, max-snippet:-1, max-image-preview:large, max-video-preview:-1\" \/>\n<link rel=\"canonical\" href=\"https:\/\/qneurope.com\/es\/directrices-sobre-redes-sociales\/\" \/>\n<meta property=\"og:locale\" content=\"es_ES\" \/>\n<meta property=\"og:type\" content=\"article\" \/>\n<meta property=\"og:title\" content=\"Directrices sobre redes sociales - QN Europe\" \/>\n<meta property=\"og:description\" content=\"Directrices sobre redes sociales Los representantes independientes pueden hablar de tu empresa y promocionarla en plataformas de medios sociales como blogs, Facebook, YouTube, LinkedIn, MySpace, etc. A continuaci\u00f3n se exponen las directrices de la empresa para dichas publicaciones de los representantes. La ausencia o inadecuaci\u00f3n de tales redes sociales no limita la aplicabilidad de estas [&hellip;]\" \/>\n<meta property=\"og:url\" content=\"https:\/\/qneurope.com\/es\/directrices-sobre-redes-sociales\/\" \/>\n<meta property=\"og:site_name\" content=\"QN Europe\" \/>\n<meta property=\"article:modified_time\" content=\"2025-03-17T23:32:27+00:00\" \/>\n<meta property=\"og:image\" content=\"https:\/\/qneurope.com\/wp-content\/uploads\/2025\/01\/cropped-fav_qn.png\" \/>\n\t<meta property=\"og:image:width\" content=\"512\" \/>\n\t<meta property=\"og:image:height\" content=\"512\" \/>\n\t<meta property=\"og:image:type\" content=\"image\/png\" \/>\n<meta name=\"twitter:card\" content=\"summary_large_image\" \/>\n<meta name=\"twitter:label1\" content=\"Tiempo de lectura\" \/>\n\t<meta name=\"twitter:data1\" content=\"4 minutos\" \/>\n<script type=\"application\/ld+json\" class=\"yoast-schema-graph\">{\"@context\":\"https:\\\/\\\/schema.org\",\"@graph\":[{\"@type\":\"WebPage\",\"@id\":\"https:\\\/\\\/qneurope.com\\\/es\\\/directrices-sobre-redes-sociales\\\/\",\"url\":\"https:\\\/\\\/qneurope.com\\\/es\\\/directrices-sobre-redes-sociales\\\/\",\"name\":\"Directrices sobre redes sociales - QN Europe\",\"isPartOf\":{\"@id\":\"https:\\\/\\\/qneurope.com\\\/#website\"},\"primaryImageOfPage\":{\"@id\":\"https:\\\/\\\/qneurope.com\\\/es\\\/directrices-sobre-redes-sociales\\\/#primaryimage\"},\"image\":{\"@id\":\"https:\\\/\\\/qneurope.com\\\/es\\\/directrices-sobre-redes-sociales\\\/#primaryimage\"},\"thumbnailUrl\":\"https:\\\/\\\/qneurope.com\\\/wp-content\\\/uploads\\\/2025\\\/01\\\/cropped-fav_qn.png\",\"datePublished\":\"2025-01-03T19:36:15+00:00\",\"dateModified\":\"2025-03-17T23:32:27+00:00\",\"breadcrumb\":{\"@id\":\"https:\\\/\\\/qneurope.com\\\/es\\\/directrices-sobre-redes-sociales\\\/#breadcrumb\"},\"inLanguage\":\"es\",\"potentialAction\":[{\"@type\":\"ReadAction\",\"target\":[\"https:\\\/\\\/qneurope.com\\\/es\\\/directrices-sobre-redes-sociales\\\/\"]}]},{\"@type\":\"ImageObject\",\"inLanguage\":\"es\",\"@id\":\"https:\\\/\\\/qneurope.com\\\/es\\\/directrices-sobre-redes-sociales\\\/#primaryimage\",\"url\":\"https:\\\/\\\/qneurope.com\\\/wp-content\\\/uploads\\\/2025\\\/01\\\/cropped-fav_qn.png\",\"contentUrl\":\"https:\\\/\\\/qneurope.com\\\/wp-content\\\/uploads\\\/2025\\\/01\\\/cropped-fav_qn.png\",\"width\":512,\"height\":512,\"caption\":\"QN Europe\"},{\"@type\":\"BreadcrumbList\",\"@id\":\"https:\\\/\\\/qneurope.com\\\/es\\\/directrices-sobre-redes-sociales\\\/#breadcrumb\",\"itemListElement\":[{\"@type\":\"ListItem\",\"position\":1,\"name\":\"Startseite\",\"item\":\"https:\\\/\\\/qneurope.com\\\/es\\\/inicio\\\/\"},{\"@type\":\"ListItem\",\"position\":2,\"name\":\"Directrices sobre redes sociales\"}]},{\"@type\":\"WebSite\",\"@id\":\"https:\\\/\\\/qneurope.com\\\/#website\",\"url\":\"https:\\\/\\\/qneurope.com\\\/\",\"name\":\"QN Europe\",\"description\":\"Dein Partner f\u00fcr eine aufregende Zukunft\",\"publisher\":{\"@id\":\"https:\\\/\\\/qneurope.com\\\/#organization\"},\"potentialAction\":[{\"@type\":\"SearchAction\",\"target\":{\"@type\":\"EntryPoint\",\"urlTemplate\":\"https:\\\/\\\/qneurope.com\\\/?s={search_term_string}\"},\"query-input\":{\"@type\":\"PropertyValueSpecification\",\"valueRequired\":true,\"valueName\":\"search_term_string\"}}],\"inLanguage\":\"es\"},{\"@type\":\"Organization\",\"@id\":\"https:\\\/\\\/qneurope.com\\\/#organization\",\"name\":\"QN Europe\",\"url\":\"https:\\\/\\\/qneurope.com\\\/\",\"logo\":{\"@type\":\"ImageObject\",\"inLanguage\":\"es\",\"@id\":\"https:\\\/\\\/qneurope.com\\\/#\\\/schema\\\/logo\\\/image\\\/\",\"url\":\"https:\\\/\\\/qneurope.com\\\/wp-content\\\/uploads\\\/2025\\\/01\\\/cropped-qn-europe-logo.webp\",\"contentUrl\":\"https:\\\/\\\/qneurope.com\\\/wp-content\\\/uploads\\\/2025\\\/01\\\/cropped-qn-europe-logo.webp\",\"width\":500,\"height\":53,\"caption\":\"QN Europe\"},\"image\":{\"@id\":\"https:\\\/\\\/qneurope.com\\\/#\\\/schema\\\/logo\\\/image\\\/\"}}]}<\/script>\n<!-- \/ Yoast SEO plugin. -->","yoast_head_json":{"title":"Directrices sobre redes sociales - QN Europe","robots":{"index":"index","follow":"follow","max-snippet":"max-snippet:-1","max-image-preview":"max-image-preview:large","max-video-preview":"max-video-preview:-1"},"canonical":"https:\/\/qneurope.com\/es\/directrices-sobre-redes-sociales\/","og_locale":"es_ES","og_type":"article","og_title":"Directrices sobre redes sociales - QN Europe","og_description":"Directrices sobre redes sociales Los representantes independientes pueden hablar de tu empresa y promocionarla en plataformas de medios sociales como blogs, Facebook, YouTube, LinkedIn, MySpace, etc. A continuaci\u00f3n se exponen las directrices de la empresa para dichas publicaciones de los representantes. La ausencia o inadecuaci\u00f3n de tales redes sociales no limita la aplicabilidad de estas [&hellip;]","og_url":"https:\/\/qneurope.com\/es\/directrices-sobre-redes-sociales\/","og_site_name":"QN Europe","article_modified_time":"2025-03-17T23:32:27+00:00","og_image":[{"width":512,"height":512,"url":"https:\/\/qneurope.com\/wp-content\/uploads\/2025\/01\/cropped-fav_qn.png","type":"image\/png"}],"twitter_card":"summary_large_image","twitter_misc":{"Tiempo de lectura":"4 minutos"},"schema":{"@context":"https:\/\/schema.org","@graph":[{"@type":"WebPage","@id":"https:\/\/qneurope.com\/es\/directrices-sobre-redes-sociales\/","url":"https:\/\/qneurope.com\/es\/directrices-sobre-redes-sociales\/","name":"Directrices sobre redes sociales - QN Europe","isPartOf":{"@id":"https:\/\/qneurope.com\/#website"},"primaryImageOfPage":{"@id":"https:\/\/qneurope.com\/es\/directrices-sobre-redes-sociales\/#primaryimage"},"image":{"@id":"https:\/\/qneurope.com\/es\/directrices-sobre-redes-sociales\/#primaryimage"},"thumbnailUrl":"https:\/\/qneurope.com\/wp-content\/uploads\/2025\/01\/cropped-fav_qn.png","datePublished":"2025-01-03T19:36:15+00:00","dateModified":"2025-03-17T23:32:27+00:00","breadcrumb":{"@id":"https:\/\/qneurope.com\/es\/directrices-sobre-redes-sociales\/#breadcrumb"},"inLanguage":"es","potentialAction":[{"@type":"ReadAction","target":["https:\/\/qneurope.com\/es\/directrices-sobre-redes-sociales\/"]}]},{"@type":"ImageObject","inLanguage":"es","@id":"https:\/\/qneurope.com\/es\/directrices-sobre-redes-sociales\/#primaryimage","url":"https:\/\/qneurope.com\/wp-content\/uploads\/2025\/01\/cropped-fav_qn.png","contentUrl":"https:\/\/qneurope.com\/wp-content\/uploads\/2025\/01\/cropped-fav_qn.png","width":512,"height":512,"caption":"QN Europe"},{"@type":"BreadcrumbList","@id":"https:\/\/qneurope.com\/es\/directrices-sobre-redes-sociales\/#breadcrumb","itemListElement":[{"@type":"ListItem","position":1,"name":"Startseite","item":"https:\/\/qneurope.com\/es\/inicio\/"},{"@type":"ListItem","position":2,"name":"Directrices sobre redes sociales"}]},{"@type":"WebSite","@id":"https:\/\/qneurope.com\/#website","url":"https:\/\/qneurope.com\/","name":"QN Europe","description":"Dein Partner f\u00fcr eine aufregende Zukunft","publisher":{"@id":"https:\/\/qneurope.com\/#organization"},"potentialAction":[{"@type":"SearchAction","target":{"@type":"EntryPoint","urlTemplate":"https:\/\/qneurope.com\/?s={search_term_string}"},"query-input":{"@type":"PropertyValueSpecification","valueRequired":true,"valueName":"search_term_string"}}],"inLanguage":"es"},{"@type":"Organization","@id":"https:\/\/qneurope.com\/#organization","name":"QN Europe","url":"https:\/\/qneurope.com\/","logo":{"@type":"ImageObject","inLanguage":"es","@id":"https:\/\/qneurope.com\/#\/schema\/logo\/image\/","url":"https:\/\/qneurope.com\/wp-content\/uploads\/2025\/01\/cropped-qn-europe-logo.webp","contentUrl":"https:\/\/qneurope.com\/wp-content\/uploads\/2025\/01\/cropped-qn-europe-logo.webp","width":500,"height":53,"caption":"QN Europe"},"image":{"@id":"https:\/\/qneurope.com\/#\/schema\/logo\/image\/"}}]}},"_links":{"self":[{"href":"https:\/\/qneurope.com\/es\/wp-json\/wp\/v2\/pages\/4675","targetHints":{"allow":["GET"]}}],"collection":[{"href":"https:\/\/qneurope.com\/es\/wp-json\/wp\/v2\/pages"}],"about":[{"href":"https:\/\/qneurope.com\/es\/wp-json\/wp\/v2\/types\/page"}],"author":[{"embeddable":true,"href":"https:\/\/qneurope.com\/es\/wp-json\/wp\/v2\/users\/1"}],"replies":[{"embeddable":true,"href":"https:\/\/qneurope.com\/es\/wp-json\/wp\/v2\/comments?post=4675"}],"version-history":[{"count":10,"href":"https:\/\/qneurope.com\/es\/wp-json\/wp\/v2\/pages\/4675\/revisions"}],"predecessor-version":[{"id":6634,"href":"https:\/\/qneurope.com\/es\/wp-json\/wp\/v2\/pages\/4675\/revisions\/6634"}],"wp:featuredmedia":[{"embeddable":true,"href":"https:\/\/qneurope.com\/es\/wp-json\/wp\/v2\/media\/3454"}],"wp:attachment":[{"href":"https:\/\/qneurope.com\/es\/wp-json\/wp\/v2\/media?parent=4675"}],"curies":[{"name":"wp","href":"https:\/\/api.w.org\/{rel}","templated":true}]}}