{"id":6884,"date":"2025-01-03T20:36:15","date_gmt":"2025-01-03T19:36:15","guid":{"rendered":"https:\/\/qneurope.com\/linee-guida-per-i-social-media\/"},"modified":"2025-03-27T15:22:49","modified_gmt":"2025-03-27T14:22:49","slug":"linee-guida-per-i-social-media","status":"publish","type":"page","link":"https:\/\/qneurope.com\/it\/linee-guida-per-i-social-media\/","title":{"rendered":"Linee guida per i social media"},"content":{"rendered":"\t\t<div data-elementor-type=\"wp-page\" data-elementor-id=\"6884\" class=\"elementor elementor-6884 elementor-62\" data-elementor-post-type=\"page\">\n\t\t\t\t<div class=\"elementor-element elementor-element-b7ef995 e-flex e-con-boxed e-con e-parent\" data-id=\"b7ef995\" data-element_type=\"container\" data-e-type=\"container\">\n\t\t\t\t\t<div class=\"e-con-inner\">\n\t\t\t\t<div class=\"elementor-element elementor-element-bb4b585 elementor-widget elementor-widget-heading\" data-id=\"bb4b585\" data-element_type=\"widget\" data-e-type=\"widget\" data-widget_type=\"heading.default\">\n\t\t\t\t<div class=\"elementor-widget-container\">\n\t\t\t\t\t<h2 class=\"elementor-heading-title elementor-size-default\">Linee guida per i social media<\/h2>\t\t\t\t<\/div>\n\t\t\t\t<\/div>\n\t\t\t\t<div class=\"elementor-element elementor-element-c8c3fd8 elementor-widget elementor-widget-text-editor\" data-id=\"c8c3fd8\" data-element_type=\"widget\" data-e-type=\"widget\" data-widget_type=\"text-editor.default\">\n\t\t\t\t<div class=\"elementor-widget-container\">\n\t\t\t\t\t\t\t\t\t<p>I rappresentanti indipendenti possono discutere e promuovere la tua azienda su piattaforme di social media come blog, Facebook, YouTube, LinkedIn, MySpace, ecc. Di seguito sono riportate le linee guida dell&#8217;azienda per tali pubblicazioni dei rappresentanti. L&#8217;assenza o l&#8217;inadeguatezza di un sito di social media non limita l&#8217;applicabilit\u00e0 di queste linee guida aziendali. Laddove non esistano politiche o linee guida, i rappresentanti indipendenti devono usare il loro giudizio professionale e prendere la decisione pi\u00f9 ragionevole possibile.   <\/p>\n<p>1. i blog personali, i siti web e i profili sui social media devono includere chiare clausole di esclusione della responsabilit\u00e0 e indicare chiaramente che le opinioni espresse dall&#8217;autore sono esclusivamente quelle dell&#8217;autore e non rappresentano le opinioni dell&#8217;azienda.<\/p>\n<p>Esempio: &#8220;Le opinioni e le posizioni espresse sono mie e non riflettono necessariamente quelle di QN EUROPE&#8221;.<\/p>\n<p>2. devi rappresentare te stesso in modo accurato e indicare chiaramente il tuo rapporto con la Societ\u00e0 in qualit\u00e0 di Rappresentante Indipendente. Non si possono fare affermazioni diverse da quelle di dipendente, agente o altro. <\/p>\n<p>3. l&#8217;utente non pu\u00f2 utilizzare i marchi e i brand in nessun nome utente o handle in nessuna piattaforma di social media. Ci\u00f2 include, a titolo esemplificativo ma non esaustivo, Twitter, Facebook e Linkedin. <\/p>\n<p>4. le informazioni pubblicate sui tuoi blog, siti web e profili di social media devono essere conformi alle norme di legge.<a href=\"https:\/\/qigroup.app.box.com\/s\/8wihqxcwirm0ouztnn7hd4lzk6hhc1sp\">&nbsp;<\/a>Termini e condizioni generali di QN EUROPE e rispettarli. Ci\u00f2 vale anche per i commenti pubblicati su altri blog, forum e siti di social network. <\/p>\n<p>5 I Rappresentanti Indipendenti non possono utilizzare i nomi commerciali, i marchi di fabbrica, i nomi dei servizi, i marchi di servizio, i nomi dei prodotti o qualsiasi loro derivato, o quelli delle sue affiliate, per qualsiasi nome di dominio Internet o indirizzo e-mail.<\/p>\n<p>6. identificandoti come rappresentante indipendente, ti identifichi con l&#8217;immagine e i valori del marchio dell&#8217;azienda. La tua attivit\u00e0 online pu\u00f2 influenzare la percezione che gli altri hanno dell&#8217;azienda, dei suoi prodotti e dei suoi servizi. Pertanto, \u00e8 importante che le tue azioni, come immagini, post o commenti, riflettano i valori dell&#8217;azienda. Le seguenti linee guida si applicano alla pubblicazione di contenuti sui siti di social media e devono essere rispettate:   <\/p>\n<ul>\n<li>Puoi utilizzare solo il testo che si trova sul sito web ufficiale dell&#8217;azienda.<\/li>\n<li>Non puoi integrare il contenuto del tuo sito web o del tuo profilo sui social network con testi provenienti da una fonte diversa dall&#8217;azienda.<\/li>\n<li>Tutti i contenuti devono essere corretti.<\/li>\n<li>Sono vietate tutte le attivit\u00e0, le informazioni e le tattiche fuorvianti o ingannevoli.<\/li>\n<li>Presta attenzione alle leggi sul copyright e fai riferimento o cita le fonti in modo appropriato.<\/li>\n<li>Gli insulti non sono ammessi.<\/li>\n<li>Gli attacchi personali non sono consentiti.<\/li>\n<\/ul>\n<p>7 I Rappresentanti Indipendenti devono sempre rendere nota la loro relazione o identificarsi come Rappresentante Indipendente di QN EUROPE quando commentano QN EUROPE e\/o i suoi prodotti.<\/p>\n<p>8. Gli agenti indipendenti che forniscono testimonianze online devono pubblicare in modo veritiero e non fare affermazioni.<\/p>\n<p>Esempio 1: &#8220;Amezcua Bio Disc ha risolto il mio problema alla schiena&#8221;. Sebbene questa possa essere un&#8217;opinione onesta, si tratta di un&#8217;affermazione e pertanto tale opinione pubblicata online costituirebbe una violazione delle attuali linee guida, a meno che non vi sia uno studio valido a supporto di tale affermazione. <\/p>\n<p>Esempio 2: &#8220;Ho guadagnato 20.000 euro in un mese con QN EUROPE e tu puoi fare lo stesso&#8221;. Sebbene l&#8217;affermazione possa essere vera, non \u00e8 una dichiarazione generalmente valida. Tali affermazioni costituiscono una violazione delle attuali linee guida. Ogni volta che si parla di opportunit\u00e0 di guadagno, \u00e8 necessario fare riferimento alla Clausola 11.02 delle Procedure e Linee Guida per avere indicazioni in merito.<\/p>\n<p>9. il logo o il marchio dell&#8217;azienda non possono essere utilizzati per pubblicit\u00e0 a pagamento su internet, come ad esempio gli annunci su Facebook. Tutti i link devono essere indirizzati al sito web personale dell&#8217;IR e non al sito ufficiale dell&#8217;azienda. <\/p>\n<p>10. in caso di reclamo nei confronti della Societ\u00e0, contatta quest&#8217;ultima per la risoluzione del problema su uno qualsiasi dei canali di social media disponibili sul sito www.qneurope.com o contatta il Centro di Assistenza QN EUROPE. Non utilizzare i social media per esprimere pubblicamente i tuoi reclami, in quanto la Societ\u00e0 non ha modo di rispondere ai tuoi reclami. Molte persone che leggono i tuoi reclami non conoscono lo stato attuale, ossia quando questi reclami sono stati elaborati e risolti, e potrebbero continuare a pensare negativamente all&#8217;azienda, cosa che potremmo non essere mai in grado di correggere.  <\/p>\t\t\t\t\t\t\t\t<\/div>\n\t\t\t\t<\/div>\n\t\t\t\t\t<\/div>\n\t\t\t\t<\/div>\n\t\t\t\t<\/div>\n\t\t","protected":false},"excerpt":{"rendered":"<p>Linee guida per i social media I rappresentanti indipendenti possono discutere e promuovere la tua azienda su piattaforme di social media come blog, Facebook, YouTube, LinkedIn, MySpace, ecc. Di seguito sono riportate le linee guida dell&#8217;azienda per tali pubblicazioni dei rappresentanti. L&#8217;assenza o l&#8217;inadeguatezza di un sito di social media non limita l&#8217;applicabilit\u00e0 di queste [&hellip;]<\/p>\n","protected":false},"author":1,"featured_media":6834,"parent":0,"menu_order":0,"comment_status":"closed","ping_status":"closed","template":"elementor_header_footer","meta":{"footnotes":""},"class_list":["post-6884","page","type-page","status-publish","has-post-thumbnail","hentry"],"yoast_head":"<!-- This site is optimized with the Yoast SEO plugin v27.4 - https:\/\/yoast.com\/product\/yoast-seo-wordpress\/ -->\n<title>Linee guida per i social media - QN Europe<\/title>\n<meta name=\"description\" content=\"I rappresentanti indipendenti possono discutere e promuovere la tua attivit\u00e0 su piattaforme di social media come blog, Facebook, YouTube, LinkedIn, MySpace, ecc.\" \/>\n<meta name=\"robots\" content=\"index, follow, max-snippet:-1, max-image-preview:large, max-video-preview:-1\" \/>\n<link rel=\"canonical\" href=\"https:\/\/qneurope.com\/it\/linee-guida-per-i-social-media\/\" \/>\n<meta property=\"og:locale\" content=\"it_IT\" \/>\n<meta property=\"og:type\" content=\"article\" \/>\n<meta property=\"og:title\" content=\"Linee guida per i social media - QN Europe\" \/>\n<meta property=\"og:description\" content=\"I rappresentanti indipendenti possono discutere e promuovere la tua attivit\u00e0 su piattaforme di social media come blog, Facebook, YouTube, LinkedIn, MySpace, ecc.\" \/>\n<meta property=\"og:url\" content=\"https:\/\/qneurope.com\/it\/linee-guida-per-i-social-media\/\" \/>\n<meta property=\"og:site_name\" content=\"QN Europe\" \/>\n<meta property=\"article:modified_time\" content=\"2025-03-27T14:22:49+00:00\" \/>\n<meta property=\"og:image\" content=\"https:\/\/qneurope.com\/wp-content\/uploads\/2025\/01\/cropped-fav_qn.png\" \/>\n\t<meta property=\"og:image:width\" content=\"512\" \/>\n\t<meta property=\"og:image:height\" content=\"512\" \/>\n\t<meta property=\"og:image:type\" content=\"image\/png\" \/>\n<meta name=\"twitter:card\" content=\"summary_large_image\" \/>\n<meta name=\"twitter:label1\" content=\"Tempo di lettura stimato\" \/>\n\t<meta name=\"twitter:data1\" content=\"4 minuti\" \/>\n<script type=\"application\/ld+json\" class=\"yoast-schema-graph\">{\"@context\":\"https:\\\/\\\/schema.org\",\"@graph\":[{\"@type\":\"WebPage\",\"@id\":\"https:\\\/\\\/qneurope.com\\\/it\\\/linee-guida-per-i-social-media\\\/\",\"url\":\"https:\\\/\\\/qneurope.com\\\/it\\\/linee-guida-per-i-social-media\\\/\",\"name\":\"Linee guida per i social media - QN Europe\",\"isPartOf\":{\"@id\":\"https:\\\/\\\/qneurope.com\\\/#website\"},\"primaryImageOfPage\":{\"@id\":\"https:\\\/\\\/qneurope.com\\\/it\\\/linee-guida-per-i-social-media\\\/#primaryimage\"},\"image\":{\"@id\":\"https:\\\/\\\/qneurope.com\\\/it\\\/linee-guida-per-i-social-media\\\/#primaryimage\"},\"thumbnailUrl\":\"https:\\\/\\\/qneurope.com\\\/wp-content\\\/uploads\\\/2025\\\/01\\\/cropped-fav_qn.png\",\"datePublished\":\"2025-01-03T19:36:15+00:00\",\"dateModified\":\"2025-03-27T14:22:49+00:00\",\"description\":\"I rappresentanti indipendenti possono discutere e promuovere la tua attivit\u00e0 su piattaforme di social media come blog, Facebook, YouTube, LinkedIn, MySpace, ecc.\",\"breadcrumb\":{\"@id\":\"https:\\\/\\\/qneurope.com\\\/it\\\/linee-guida-per-i-social-media\\\/#breadcrumb\"},\"inLanguage\":\"it-IT\",\"potentialAction\":[{\"@type\":\"ReadAction\",\"target\":[\"https:\\\/\\\/qneurope.com\\\/it\\\/linee-guida-per-i-social-media\\\/\"]}]},{\"@type\":\"ImageObject\",\"inLanguage\":\"it-IT\",\"@id\":\"https:\\\/\\\/qneurope.com\\\/it\\\/linee-guida-per-i-social-media\\\/#primaryimage\",\"url\":\"https:\\\/\\\/qneurope.com\\\/wp-content\\\/uploads\\\/2025\\\/01\\\/cropped-fav_qn.png\",\"contentUrl\":\"https:\\\/\\\/qneurope.com\\\/wp-content\\\/uploads\\\/2025\\\/01\\\/cropped-fav_qn.png\",\"width\":512,\"height\":512,\"caption\":\"QN Europe\"},{\"@type\":\"BreadcrumbList\",\"@id\":\"https:\\\/\\\/qneurope.com\\\/it\\\/linee-guida-per-i-social-media\\\/#breadcrumb\",\"itemListElement\":[{\"@type\":\"ListItem\",\"position\":1,\"name\":\"Startseite\",\"item\":\"https:\\\/\\\/qneurope.com\\\/it\\\/casa\\\/\"},{\"@type\":\"ListItem\",\"position\":2,\"name\":\"Linee guida per i social media\"}]},{\"@type\":\"WebSite\",\"@id\":\"https:\\\/\\\/qneurope.com\\\/#website\",\"url\":\"https:\\\/\\\/qneurope.com\\\/\",\"name\":\"QN Europe\",\"description\":\"Dein Partner f\u00fcr eine aufregende Zukunft\",\"publisher\":{\"@id\":\"https:\\\/\\\/qneurope.com\\\/#organization\"},\"potentialAction\":[{\"@type\":\"SearchAction\",\"target\":{\"@type\":\"EntryPoint\",\"urlTemplate\":\"https:\\\/\\\/qneurope.com\\\/?s={search_term_string}\"},\"query-input\":{\"@type\":\"PropertyValueSpecification\",\"valueRequired\":true,\"valueName\":\"search_term_string\"}}],\"inLanguage\":\"it-IT\"},{\"@type\":\"Organization\",\"@id\":\"https:\\\/\\\/qneurope.com\\\/#organization\",\"name\":\"QN Europe\",\"url\":\"https:\\\/\\\/qneurope.com\\\/\",\"logo\":{\"@type\":\"ImageObject\",\"inLanguage\":\"it-IT\",\"@id\":\"https:\\\/\\\/qneurope.com\\\/#\\\/schema\\\/logo\\\/image\\\/\",\"url\":\"https:\\\/\\\/qneurope.com\\\/wp-content\\\/uploads\\\/2025\\\/01\\\/cropped-qn-europe-logo.webp\",\"contentUrl\":\"https:\\\/\\\/qneurope.com\\\/wp-content\\\/uploads\\\/2025\\\/01\\\/cropped-qn-europe-logo.webp\",\"width\":500,\"height\":53,\"caption\":\"QN Europe\"},\"image\":{\"@id\":\"https:\\\/\\\/qneurope.com\\\/#\\\/schema\\\/logo\\\/image\\\/\"}}]}<\/script>\n<!-- \/ Yoast SEO plugin. -->","yoast_head_json":{"title":"Linee guida per i social media - QN Europe","description":"I rappresentanti indipendenti possono discutere e promuovere la tua attivit\u00e0 su piattaforme di social media come blog, Facebook, YouTube, LinkedIn, MySpace, ecc.","robots":{"index":"index","follow":"follow","max-snippet":"max-snippet:-1","max-image-preview":"max-image-preview:large","max-video-preview":"max-video-preview:-1"},"canonical":"https:\/\/qneurope.com\/it\/linee-guida-per-i-social-media\/","og_locale":"it_IT","og_type":"article","og_title":"Linee guida per i social media - QN Europe","og_description":"I rappresentanti indipendenti possono discutere e promuovere la tua attivit\u00e0 su piattaforme di social media come blog, Facebook, YouTube, LinkedIn, MySpace, ecc.","og_url":"https:\/\/qneurope.com\/it\/linee-guida-per-i-social-media\/","og_site_name":"QN Europe","article_modified_time":"2025-03-27T14:22:49+00:00","og_image":[{"width":512,"height":512,"url":"https:\/\/qneurope.com\/wp-content\/uploads\/2025\/01\/cropped-fav_qn.png","type":"image\/png"}],"twitter_card":"summary_large_image","twitter_misc":{"Tempo di lettura stimato":"4 minuti"},"schema":{"@context":"https:\/\/schema.org","@graph":[{"@type":"WebPage","@id":"https:\/\/qneurope.com\/it\/linee-guida-per-i-social-media\/","url":"https:\/\/qneurope.com\/it\/linee-guida-per-i-social-media\/","name":"Linee guida per i social media - QN Europe","isPartOf":{"@id":"https:\/\/qneurope.com\/#website"},"primaryImageOfPage":{"@id":"https:\/\/qneurope.com\/it\/linee-guida-per-i-social-media\/#primaryimage"},"image":{"@id":"https:\/\/qneurope.com\/it\/linee-guida-per-i-social-media\/#primaryimage"},"thumbnailUrl":"https:\/\/qneurope.com\/wp-content\/uploads\/2025\/01\/cropped-fav_qn.png","datePublished":"2025-01-03T19:36:15+00:00","dateModified":"2025-03-27T14:22:49+00:00","description":"I rappresentanti indipendenti possono discutere e promuovere la tua attivit\u00e0 su piattaforme di social media come blog, Facebook, YouTube, LinkedIn, MySpace, ecc.","breadcrumb":{"@id":"https:\/\/qneurope.com\/it\/linee-guida-per-i-social-media\/#breadcrumb"},"inLanguage":"it-IT","potentialAction":[{"@type":"ReadAction","target":["https:\/\/qneurope.com\/it\/linee-guida-per-i-social-media\/"]}]},{"@type":"ImageObject","inLanguage":"it-IT","@id":"https:\/\/qneurope.com\/it\/linee-guida-per-i-social-media\/#primaryimage","url":"https:\/\/qneurope.com\/wp-content\/uploads\/2025\/01\/cropped-fav_qn.png","contentUrl":"https:\/\/qneurope.com\/wp-content\/uploads\/2025\/01\/cropped-fav_qn.png","width":512,"height":512,"caption":"QN Europe"},{"@type":"BreadcrumbList","@id":"https:\/\/qneurope.com\/it\/linee-guida-per-i-social-media\/#breadcrumb","itemListElement":[{"@type":"ListItem","position":1,"name":"Startseite","item":"https:\/\/qneurope.com\/it\/casa\/"},{"@type":"ListItem","position":2,"name":"Linee guida per i social media"}]},{"@type":"WebSite","@id":"https:\/\/qneurope.com\/#website","url":"https:\/\/qneurope.com\/","name":"QN Europe","description":"Dein Partner f\u00fcr eine aufregende Zukunft","publisher":{"@id":"https:\/\/qneurope.com\/#organization"},"potentialAction":[{"@type":"SearchAction","target":{"@type":"EntryPoint","urlTemplate":"https:\/\/qneurope.com\/?s={search_term_string}"},"query-input":{"@type":"PropertyValueSpecification","valueRequired":true,"valueName":"search_term_string"}}],"inLanguage":"it-IT"},{"@type":"Organization","@id":"https:\/\/qneurope.com\/#organization","name":"QN Europe","url":"https:\/\/qneurope.com\/","logo":{"@type":"ImageObject","inLanguage":"it-IT","@id":"https:\/\/qneurope.com\/#\/schema\/logo\/image\/","url":"https:\/\/qneurope.com\/wp-content\/uploads\/2025\/01\/cropped-qn-europe-logo.webp","contentUrl":"https:\/\/qneurope.com\/wp-content\/uploads\/2025\/01\/cropped-qn-europe-logo.webp","width":500,"height":53,"caption":"QN Europe"},"image":{"@id":"https:\/\/qneurope.com\/#\/schema\/logo\/image\/"}}]}},"_links":{"self":[{"href":"https:\/\/qneurope.com\/it\/wp-json\/wp\/v2\/pages\/6884","targetHints":{"allow":["GET"]}}],"collection":[{"href":"https:\/\/qneurope.com\/it\/wp-json\/wp\/v2\/pages"}],"about":[{"href":"https:\/\/qneurope.com\/it\/wp-json\/wp\/v2\/types\/page"}],"author":[{"embeddable":true,"href":"https:\/\/qneurope.com\/it\/wp-json\/wp\/v2\/users\/1"}],"replies":[{"embeddable":true,"href":"https:\/\/qneurope.com\/it\/wp-json\/wp\/v2\/comments?post=6884"}],"version-history":[{"count":1,"href":"https:\/\/qneurope.com\/it\/wp-json\/wp\/v2\/pages\/6884\/revisions"}],"predecessor-version":[{"id":6885,"href":"https:\/\/qneurope.com\/it\/wp-json\/wp\/v2\/pages\/6884\/revisions\/6885"}],"wp:featuredmedia":[{"embeddable":true,"href":"https:\/\/qneurope.com\/it\/wp-json\/wp\/v2\/media\/6834"}],"wp:attachment":[{"href":"https:\/\/qneurope.com\/it\/wp-json\/wp\/v2\/media?parent=6884"}],"curies":[{"name":"wp","href":"https:\/\/api.w.org\/{rel}","templated":true}]}}